{"id":106,"date":"2020-11-30T14:52:07","date_gmt":"2020-11-30T14:52:07","guid":{"rendered":"http:\/\/www.schmuckli.ch\/cms\/?page_id=106"},"modified":"2026-04-23T11:21:34","modified_gmt":"2026-04-23T11:21:34","slug":"aufzeichen-und-laminieren","status":"publish","type":"page","link":"https:\/\/www.schmuckli.ch\/cms\/aufzeichen-und-laminieren\/","title":{"rendered":"Aufzeichen und laminieren"},"content":{"rendered":"\n<div class=\"wp-block-themeisle-blocks-advanced-columns has-1-columns has-desktop-equal-layout has-tablet-equal-layout has-mobile-equal-layout has-default-gap has-vertical-unset\" id=\"wp-block-themeisle-blocks-advanced-columns-e4ed06f3\"><div class=\"wp-block-themeisle-blocks-advanced-columns-overlay\"><\/div><div class=\"innerblocks-wrap\">\n<div class=\"wp-block-themeisle-blocks-advanced-column\" id=\"wp-block-themeisle-blocks-advanced-column-c334d9c1\">\n<h2 id=\"wp-block-themeisle-blocks-advanced-heading-5e4a09b0\" class=\"wp-block-themeisle-blocks-advanced-heading wp-block-themeisle-blocks-advanced-heading-5e4a09b0\">Aufzeichen und laminieren<\/h2>\n<div class=\"wp-block-group\"><div class=\"wp-block-group__inner-container\">\n<p>Kunstdrucke veredeln wir durch aufziehen und laminieren.<\/p>\n<\/div><\/div>\n<p>Die Bilder bleiben plan und sind durch das aufbringen einer abwaschbaren Schicht weitestgehend gegen Umwelteinfl\u00fcsse gesch\u00fctzt. <\/p>\n<p>Weitere Vorteile sind das geringe Gewicht sowie das wegfallen eines gef\u00e4hrlichen Glases zum Beispiel in einem Kinderzimmer oder in einem \u00f6ffentlichen Raum.<\/p>\n<\/div>\n<\/div><\/div>\n","protected":false},"excerpt":{"rendered":"<p>Aufzeichen und laminieren Kunstdrucke veredeln wir durch aufziehen und laminieren. Die Bilder bleiben plan und sind durch das aufbringen einer abwaschbaren Schicht weitestgehend gegen Umwelteinfl\u00fcsse gesch\u00fctzt. Weitere Vorteile sind das geringe Gewicht sowie das wegfallen eines gef\u00e4hrlichen Glases zum Beispiel in einem Kinderzimmer oder in einem \u00f6ffentlichen Raum.<\/p>\n","protected":false},"author":1,"featured_media":0,"parent":0,"menu_order":0,"comment_status":"closed","ping_status":"closed","template":"","meta":{"footnotes":""},"class_list":["post-106","page","type-page","status-publish","hentry"],"_links":{"self":[{"href":"https:\/\/www.schmuckli.ch\/cms\/wp-json\/wp\/v2\/pages\/106","targetHints":{"allow":["GET"]}}],"collection":[{"href":"https:\/\/www.schmuckli.ch\/cms\/wp-json\/wp\/v2\/pages"}],"about":[{"href":"https:\/\/www.schmuckli.ch\/cms\/wp-json\/wp\/v2\/types\/page"}],"author":[{"embeddable":true,"href":"https:\/\/www.schmuckli.ch\/cms\/wp-json\/wp\/v2\/users\/1"}],"replies":[{"embeddable":true,"href":"https:\/\/www.schmuckli.ch\/cms\/wp-json\/wp\/v2\/comments?post=106"}],"version-history":[{"count":11,"href":"https:\/\/www.schmuckli.ch\/cms\/wp-json\/wp\/v2\/pages\/106\/revisions"}],"predecessor-version":[{"id":558,"href":"https:\/\/www.schmuckli.ch\/cms\/wp-json\/wp\/v2\/pages\/106\/revisions\/558"}],"wp:attachment":[{"href":"https:\/\/www.schmuckli.ch\/cms\/wp-json\/wp\/v2\/media?parent=106"}],"curies":[{"name":"wp","href":"https:\/\/api.w.org\/{rel}","templated":true}]}}