{"id":111,"date":"2020-11-30T14:54:47","date_gmt":"2020-11-30T14:54:47","guid":{"rendered":"http:\/\/www.schmuckli.ch\/cms\/?page_id=111"},"modified":"2026-04-23T11:22:28","modified_gmt":"2026-04-23T11:22:28","slug":"glaeser","status":"publish","type":"page","link":"https:\/\/www.schmuckli.ch\/cms\/glaeser\/","title":{"rendered":"Gl\u00e4ser"},"content":{"rendered":"\n<div class=\"wp-block-themeisle-blocks-advanced-columns has-1-columns has-desktop-equal-layout has-tablet-equal-layout has-mobile-equal-layout has-default-gap has-vertical-unset\" id=\"wp-block-themeisle-blocks-advanced-columns-6c136f87\"><div class=\"wp-block-themeisle-blocks-advanced-columns-overlay\"><\/div><div class=\"innerblocks-wrap\">\n<div class=\"wp-block-themeisle-blocks-advanced-column\" id=\"wp-block-themeisle-blocks-advanced-column-2fce980f\">\n<h2>Gl\u00e4ser<\/h2>\n<p id=\"block-790e7617-a553-45ac-96a0-e9feb43f8889\">Gab es fr\u00fcher 2 Gl\u00e4ser, sind es heute fast 15.<\/p>\n<p id=\"block-76ad40bf-2788-4902-8b75-fe2c4f8eec1c\">Um das Richtige f\u00fcr eine Ihre Kunst zu finden, sind Sie bei uns richtig.<\/p>\n<\/div>\n<\/div><\/div>\n","protected":false},"excerpt":{"rendered":"<p>Gl\u00e4ser Gab es fr\u00fcher 2 Gl\u00e4ser, sind es heute fast 15. Um das Richtige f\u00fcr eine Ihre Kunst zu finden, sind Sie bei uns richtig.<\/p>\n","protected":false},"author":1,"featured_media":0,"parent":0,"menu_order":0,"comment_status":"closed","ping_status":"closed","template":"","meta":{"footnotes":""},"class_list":["post-111","page","type-page","status-publish","hentry"],"_links":{"self":[{"href":"https:\/\/www.schmuckli.ch\/cms\/wp-json\/wp\/v2\/pages\/111","targetHints":{"allow":["GET"]}}],"collection":[{"href":"https:\/\/www.schmuckli.ch\/cms\/wp-json\/wp\/v2\/pages"}],"about":[{"href":"https:\/\/www.schmuckli.ch\/cms\/wp-json\/wp\/v2\/types\/page"}],"author":[{"embeddable":true,"href":"https:\/\/www.schmuckli.ch\/cms\/wp-json\/wp\/v2\/users\/1"}],"replies":[{"embeddable":true,"href":"https:\/\/www.schmuckli.ch\/cms\/wp-json\/wp\/v2\/comments?post=111"}],"version-history":[{"count":9,"href":"https:\/\/www.schmuckli.ch\/cms\/wp-json\/wp\/v2\/pages\/111\/revisions"}],"predecessor-version":[{"id":560,"href":"https:\/\/www.schmuckli.ch\/cms\/wp-json\/wp\/v2\/pages\/111\/revisions\/560"}],"wp:attachment":[{"href":"https:\/\/www.schmuckli.ch\/cms\/wp-json\/wp\/v2\/media?parent=111"}],"curies":[{"name":"wp","href":"https:\/\/api.w.org\/{rel}","templated":true}]}}