{"id":59,"date":"2020-11-30T14:00:37","date_gmt":"2020-11-30T14:00:37","guid":{"rendered":"http:\/\/www.schmuckli.ch\/cms\/?page_id=59"},"modified":"2026-04-23T11:33:40","modified_gmt":"2026-04-23T11:33:40","slug":"dienstleistungen","status":"publish","type":"page","link":"https:\/\/www.schmuckli.ch\/cms\/dienstleistungen\/","title":{"rendered":"Dienstleistungen"},"content":{"rendered":"\n<div class=\"wp-block-themeisle-blocks-advanced-columns has-1-columns has-desktop-equal-layout has-tablet-equal-layout has-mobile-equal-layout has-default-gap has-vertical-unset\" id=\"wp-block-themeisle-blocks-advanced-columns-90a0645a\"><div class=\"wp-block-themeisle-blocks-advanced-columns-overlay\"><\/div><div class=\"innerblocks-wrap\">\n<div class=\"wp-block-themeisle-blocks-advanced-column\" id=\"wp-block-themeisle-blocks-advanced-column-fdd1877e\">\n<h5 id=\"wp-block-themeisle-blocks-advanced-heading-6f8bf86c\" class=\"wp-block-themeisle-blocks-advanced-heading wp-block-themeisle-blocks-advanced-heading-6f8bf86c\">Zu unseren Dienstleistungen geh\u00f6rt alles, was es rund um&#8217;s Bild zu tun gibt.<\/h5>\n<div style=\"height:20px\" aria-hidden=\"true\" class=\"wp-block-spacer\"><\/div>\n<p class=\"has-text-align-left\">Dazu geh\u00f6rt die Heimberatung ebenso, wie die kompetente Beratung im Rahmenladen, Hilfe bei der Suche nach bestimmten Bildern oder K\u00fcnstlern und nach Beendigung der Einrahmungsarbeit das Aufh\u00e4ngen an dem von Ihnen gew\u00fcnschten Ort.<\/p>\n<div style=\"height:20px\" aria-hidden=\"true\" class=\"wp-block-spacer\"><\/div>\n<div id=\"wp-block-themeisle-blocks-slider-b7807c2c\" class=\"wp-block-themeisle-blocks-slider glide\" data-per-view=\"1\" data-gap=\"0\" data-peek=\"0\" data-autoplay=\"true\" data-height=\"600px\" data-hide-arrows=\"false\"><div class=\"glide__track\" data-glide-el=\"track\"><div class=\"glide__slides\"><div class=\"wp-block-themeisle-blocks-slider-item-wrapper glide__slide\" tabindex=\"0\"><figure><img decoding=\"async\" class=\"wp-block-themeisle-blocks-slider-item\" src=\"https:\/\/www.schmuckli.ch\/cms\/wp-content\/uploads\/2021\/03\/Der_GROSSE_und_die_kleine.jpg\" alt=\"\" title=\"\" data-id=\"492\"\/><\/figure><\/div><div class=\"wp-block-themeisle-blocks-slider-item-wrapper glide__slide\" tabindex=\"0\"><figure><img decoding=\"async\" class=\"wp-block-themeisle-blocks-slider-item\" src=\"https:\/\/www.schmuckli.ch\/cms\/wp-content\/uploads\/2021\/03\/Monitor-mit-Rahmen-_2-2.jpg\" alt=\"\" title=\"\" data-id=\"491\"\/><\/figure><\/div><div class=\"wp-block-themeisle-blocks-slider-item-wrapper glide__slide\" tabindex=\"0\"><figure><img decoding=\"async\" class=\"wp-block-themeisle-blocks-slider-item\" src=\"https:\/\/www.schmuckli.ch\/cms\/wp-content\/uploads\/2021\/03\/Theo_in_Luzern.jpg\" alt=\"\" title=\"\" data-id=\"486\"\/><\/figure><\/div><\/div><div class=\"glide__bullets\" data-glide-el=\"controls[nav]\"><button class=\"glide__bullet\" data-glide-dir=\"=0\"><\/button><button class=\"glide__bullet\" data-glide-dir=\"=1\"><\/button><button class=\"glide__bullet\" data-glide-dir=\"=2\"><\/button><\/div><\/div><\/div>\n<p><\/p>\n<\/div>\n<\/div><\/div>\n","protected":false},"excerpt":{"rendered":"<p>Zu unseren Dienstleistungen geh\u00f6rt alles, was es rund um&#8217;s Bild zu tun gibt. Dazu geh\u00f6rt die Heimberatung ebenso, wie die kompetente Beratung im Rahmenladen, Hilfe bei der Suche nach bestimmten Bildern oder K\u00fcnstlern und nach Beendigung der Einrahmungsarbeit das Aufh\u00e4ngen an dem von Ihnen gew\u00fcnschten Ort.<\/p>\n","protected":false},"author":1,"featured_media":0,"parent":0,"menu_order":0,"comment_status":"closed","ping_status":"closed","template":"","meta":{"footnotes":""},"class_list":["post-59","page","type-page","status-publish","hentry"],"_links":{"self":[{"href":"https:\/\/www.schmuckli.ch\/cms\/wp-json\/wp\/v2\/pages\/59","targetHints":{"allow":["GET"]}}],"collection":[{"href":"https:\/\/www.schmuckli.ch\/cms\/wp-json\/wp\/v2\/pages"}],"about":[{"href":"https:\/\/www.schmuckli.ch\/cms\/wp-json\/wp\/v2\/types\/page"}],"author":[{"embeddable":true,"href":"https:\/\/www.schmuckli.ch\/cms\/wp-json\/wp\/v2\/users\/1"}],"replies":[{"embeddable":true,"href":"https:\/\/www.schmuckli.ch\/cms\/wp-json\/wp\/v2\/comments?post=59"}],"version-history":[{"count":20,"href":"https:\/\/www.schmuckli.ch\/cms\/wp-json\/wp\/v2\/pages\/59\/revisions"}],"predecessor-version":[{"id":564,"href":"https:\/\/www.schmuckli.ch\/cms\/wp-json\/wp\/v2\/pages\/59\/revisions\/564"}],"wp:attachment":[{"href":"https:\/\/www.schmuckli.ch\/cms\/wp-json\/wp\/v2\/media?parent=59"}],"curies":[{"name":"wp","href":"https:\/\/api.w.org\/{rel}","templated":true}]}}